{"id":4042,"date":"2023-07-04T15:09:40","date_gmt":"2023-07-04T15:09:40","guid":{"rendered":"http:\/\/aerospacelombardia.it\/privacy-policy\/"},"modified":"2023-11-02T08:53:39","modified_gmt":"2023-11-02T08:53:39","slug":"privacy-policy","status":"publish","type":"page","link":"https:\/\/www.aerospacelombardia.it\/en\/privacy-policy\/","title":{"rendered":"Privacy Policy"},"content":{"rendered":"\n<h1 class=\"wp-block-heading\">Privacy Policy<\/h1>\n\n<h2 class=\"wp-block-heading\">PREMESSA<\/h2>\n\n<p>Il Lombardia Aerospace Cluster, con sede legale in Milano, Via Pantano 9, in qualit\u00e0 di titolare del trattamento dei dati personali ai sensi del Regolamento UE 679\/2016 applicabile dal 25 Maggio 2018 \u2013 Regolamento Generale sulla Protezione dei Dati (\u201cRGPD\u201d) e della normativa nazionale applicabile (d\u2019ora in avanti RGPD e normativa nazionale sono collettivamente indicati come \u201cNormativa Applicabile\u201d) riconosce l\u2019importanza della protezione dei dati personali e considera la sua tutela uno degli obiettivi principali della propria attivit\u00e0.<\/p>\n\n<p>Prima di comunicare qualsiasi dato personale, il Lombardia Aerospace Cluster la invita in qualit\u00e0 di utente del Sito a leggere con attenzione la presente privacy policy (\u201cPrivacy Policy\u201d), poich\u00e9 la stessa contiene informazioni importanti sulla tutela dei dati personali e sulle misure di sicurezza adottate per garantirne la riservatezza nel pieno rispetto della Normativa Applicabile. La presente Privacy Policy, inoltre:<\/p>\n\n<p>\u2013 si intende resa solo per il sito <strong>www.aerospacelombardia.it <\/strong>mentre non si applica ad altri siti web eventualmente consultati tramite link esterni;<\/p>\n\n<p>\u2013 \u00e8 da intendersi quale Informativa resa ai sensi della Normativa Applicabile a coloro che interagiscono con il Sito;<\/p>\n\n<p>\u2013 si conforma alla Raccomandazione n. 2\/2001 relativa ai requisiti minimi per la raccolta di dati on-line nell\u2019Unione Europea, adottata il 17 maggio 2001 dal Gruppo di Lavoro Articolo 29.<\/p>\n\n<p>Il Lombardia Aerospace Cluster informa che il trattamento dei dati personali sar\u00e0 improntato ai principi di liceit\u00e0, correttezza, trasparenza, limitazione delle finalit\u00e0 e della conservazione, minimizzazione dei dati, esattezza, integrit\u00e0 e riservatezza. I dati personali verranno pertanto trattati in accordo alle disposizioni legislative della Normativa Applicabile e degli obblighi di riservatezza ivi previsti.<\/p>\n\n<h2 class=\"wp-block-heading\">1. TITOLARE E RIFERIMENTI PER L\u2019INTERESSATO<\/h2>\n\n<p>In base alla Normativa Applicabile, il titolare del trattamento del Sito \u00e8 il Legale Rappresentante del Lombardia Aerospace Cluster.<\/p>\n\n<p>A sua volta, il Lombardia Aerospace Cluster ha individuato un team di coordinamento, raggiungibile all\u2019indirizzo info@aerospacelombardia.it a cui fare riferimento per qualunque informazione inerente al trattamento dei dati personali effettuato dal Titolare, tra cui la richiesta dell\u2019elenco dei responsabili che trattano dati per conto del titolare stesso.<\/p>\n\n<h2 class=\"wp-block-heading\">2. I DATI PERSONALI OGGETTO DI TRATTAMENTO<\/h2>\n\n<p>Per \u201cDati Personali\u201d si intende qualsiasi informazione riguardante una persona fisica identificata o identificabile con particolare riferimento a un identificativo come il nome, un numero di identificazione, dati relativi all\u2019ubicazione, un identificativo online o a uno o pi\u00f9 elementi caratteristici della sua identit\u00e0 fisica, fisiologica, psichica, economica, culturale o sociale.<\/p>\n\n<p>In particolare, i Dati Personali raccolti dal Sito sono i seguenti:<\/p>\n\n<h3 class=\"wp-block-heading\">a. Dati di navigazione<\/h3>\n\n<p>I sistemi informatici e le procedure software preposte al funzionamento di questo sito web acquisiscono, nel corso del loro normale esercizio, alcuni dati personali la cui trasmissione \u00e8 implicita nell\u2019uso dei protocolli di comunicazione di Internet. Si tratta di informazioni che non sono raccolte per essere associate a interessati identificati, ma che per loro stessa natura potrebbero, attraverso elaborazioni ed associazioni con dati detenuti da terzi, permettere di identificare gli utenti.<\/p>\n\n<p>In questa categoria di dati rientrano gli indirizzi IP o i nomi a dominio dei computer utilizzati dagli utenti che si connettono al sito, gli indirizzi in notazione URI (Uniform Resource Identifier) delle risorse richieste, l\u2019orario della richiesta, il metodo utilizzato nel sottoporre la richiesta al server, la dimensione del file ottenuto in risposta, il codice numerico indicante lo stato della risposta data dal server (buon fine, errore, ecc.), l\u2019uso di credenziali rilasciate dal Cluster ed altri parametri relativi al sistema operativo e all\u2019ambiente informatico dell\u2019utente.<\/p>\n\n<p>Questi dati vengono utilizzati al solo fine di ricavare informazioni statistiche anonime sull\u2019uso del sito, per controllarne il corretto funzionamento, per permettere la corretta erogazione delle varie funzionalit\u00e0 richieste dall\u2019utente, per ragioni di sicurezza e di accertamento di responsabilit\u00e0 in caso di reati informatici ai danni del Sito o di terzi. Tali dati vengono cancellati dopo 365 giorni.<\/p>\n\n<h3 class=\"wp-block-heading\">b. Dati forniti volontariamente dall\u2019utente<\/h3>\n\n<p>Attraverso il Sito, l\u2019utente ha la possibilit\u00e0 di fornire volontariamente Dati Personali come il nome e l\u2019indirizzo e-mail e numero di telefono per l\u2019iscrizione a convegni o per la piattaforma E-Scouting. Il Lombardia Aerospace Cluster tratter\u00e0 questi dati nel rispetto della Normativa Applicabile, assumendo che siano riferiti all\u2019utente o a terzi soggetti che lo hanno espressamente autorizzato a conferirli. Rispetto a tali ipotesi, l\u2019utente si pone come autonomo titolare del trattamento, assumendosi tutti gli obblighi e le responsabilit\u00e0 di legge. In tal senso, l\u2019utente conferisce sul punto la pi\u00f9 ampia manleva rispetto ad ogni contestazione, pretesa, richiesta di risarcimento del danno da trattamento, etc. che dovesse pervenire all\u2019Unione da terzi soggetti i cui Dati Personali siano stati trattati attraverso un utilizzo del Sito effettuato dall\u2019utente in violazione della Normativa Applicabile.<\/p>\n\n<h3 class=\"wp-block-heading\">c. Cookie e tecnologie affini<\/h3>\n\n<p>Il Lombardia Aerospace Cluster raccoglie Dati Personali anonimizzati attraverso i cookies. Maggiori informazioni sull\u2019uso dei cookie e tecnologie affini sono disponibili <a href=\"https:\/\/www.aerospacelombardia.it\/en\/logo-conf-va_200x200-2\/\">qui<\/a>.<\/p>\n\n<h2 class=\"wp-block-heading\">3. FINALITA\u2019, BASE GIURIDICA E NATURA OBBLIGATORIA O FACOLTATIVA DEL TRATTAMENTO<\/h2>\n\n<p>I Dati Personali forniti dall\u2019utente saranno trattati dal Lombardia Aerospace Cluster per le seguenti finalit\u00e0:<\/p>\n\n<p>a) finalit\u00e0 inerenti l\u2019esecuzione di un contratto di cui l\u2019utente \u00e8 parte o per l\u2019esecuzione di misure precontrattuali adottate su richiesta dello stesso (es: richiesta di contatto tramite il modulo adesione, registrazione ad un evento, registrazione alla piattaforma E-Scouting, verifica della titolarit\u00e0 all\u2019uso dei servizi ecc.);<\/p>\n\n<p>b) finalit\u00e0 di ricerche\/analisi statistiche su dati aggregati o anonimi, senza dunque possibilit\u00e0 di identificare l\u2019utente, volti a misurare il funzionamento del Sito, misurare il traffico e valutare funzionalit\u00e0 e interesse;<\/p>\n\n<p>c) finalit\u00e0 relative all\u2019adempimento di un obbligo legale al quale il Lombardia Aerospace Cluster \u00e8 soggetto;<\/p>\n\n<p>d) finalit\u00e0 necessarie ad accertare, esercitare o difendere un diritto in sede giudiziaria o ogni qualvolta le autorit\u00e0 giurisdizionali esercitino le loro funzioni;<\/p>\n\n<p>e) per l\u2019erogazione dei servizi istituzionali di informazione e rappresentanza propri del rapporto associativo.<\/p>\n\n<p>La base legale del trattamento di Dati Personali per le finalit\u00e0 di cui al punto a) \u00e8 l\u2019erogazione di un servizio o il riscontro ad una richiesta esplicita dell\u2019utente che non richiedono il consenso ai sensi della Normativa Applicabile.<\/p>\n\n<p>La finalit\u00e0 di cui al punto b) non comporta non comporta il trattamento di Dati Personali, mentre la finalit\u00e0 di cui al punto c) e d) rappresenta un trattamento legittimo di Dati Personali ai sensi della Normativa Applicabile in quanto, una volta conferiti i Dati Personali, il trattamento \u00e8 necessario per adempiere ad un obbligo di legge a cui il Lombardia Aerospace Cluster \u00e8 soggetta.<\/p>\n\n<p>La finalit\u00e0 di cui al punto e) non richiede il consenso ai sensi della Normativa Applicabile.<\/p>\n\n<p>Il conferimento dei Dati Personali per la finalit\u00e0 sopra elencate \u00e8 facoltativo, ma il loro eventuale mancato conferimento potrebbe rendere impossibile riscontrare una richiesta avanzata dall\u2019utente o adempiere ad un obbligo legale a cui il Lombardia Aerospace Cluster \u00e8 soggetta.<\/p>\n\n<h2 class=\"wp-block-heading\">4. DESTINATARI<\/h2>\n\n<p>I Dati Personali conferiti dall\u2019utente potranno essere condivisi, per le finalit\u00e0 specificate al punto 3, con:<\/p>\n\n<ol class=\"wp-block-list\">\n<li>soggetti necessari per l\u2019erogazione dei servizi offerti dal Sito, tra cui a titolo esemplificativo sviluppatori e sistemisti preposti all\u2019analisi del funzionamento del Sito, che agiscono tipicamente in qualit\u00e0 di responsabili del trattamento per il Lombardia Aerospace Cluster;<\/li>\n\n\n\n<li>persone autorizzate dal Lombardia Aerospace Cluster al trattamento dei Dati Personali che si siano impegnate alla riservatezza o abbiano un adeguato obbligo legale di riservatezza; (es. dipendenti e collaboratori); (a. e b. sono collettivamente \u201cDestinatari\u201d);<\/li>\n\n\n\n<li>autorit\u00e0 giurisdizionali nell\u2019esercizio delle loro funzioni quando richiesto dalla Normativa Applicabile.<\/li>\n<\/ol>\n\n<h2 class=\"wp-block-heading\">5. TRASFERIMENTI<\/h2>\n\n<p>Alcuni dei Dati Personali conferiti dall\u2019utente possono essere trasferiti a Destinatari che si potrebbero trovare al di fuori dello Spazio Economico Europeo. Il Lombardia Aerospace Cluster assicura che in tale caso il trattamento elettronico e cartaceo dei Dati Personali da parte dei Destinatari avviene nel rispetto della Normativa Applicabile. In tali casi, i trasferimenti si basano alternativamente su una decisione di adeguatezza o sulle Standard Model Clauses approvate dalla Commissione Europea. Maggiori informazioni e copia di questi accordi sono reperibili facendone richiesta all\u2019indirizzo info@aerospacelombardia.it.<\/p>\n\n<h2 class=\"wp-block-heading\">6. CONSERVAZIONE DEI DATI<\/h2>\n\n<p>Il Lombardia Aerospace Cluster tratter\u00e0 i Dati Personali per il tempo strettamente necessario a raggiungere gli scopi indicati al punto 3. A titolo esemplificativo, Il Lombardia Aerospace Cluster tratter\u00e0 i Dati Personali per la piattaforma E-Scouting fino a quando l\u2019utente non decider\u00e0 di disiscriversi dal servizio. Fatto salvo quanto sopra, il Lombardia Aerospace Cluster tratter\u00e0 i Dati Personali fino al tempo permesso dalla legge Italiana a tutela dei propri interessi (Art. 2947(1)(3) c.c.). Maggiori informazioni in merito al periodo di conservazione dei Dati Personali e ai criteri utilizzati per determinare tale periodo possono essere richieste scrivendo a info@aerospacelombardia.it.<\/p>\n\n<h2 class=\"wp-block-heading\">7. I DIRITTI DELL\u2019INTERESSATO<\/h2>\n\n<p>Nei limiti della Normativa Applicabile, l\u2019utente ha il diritto di chiedere al Lombardia Aerospace Cluster, in qualunque momento, l\u2019accesso ai propri Dati Personali, la rettifica o la cancellazione degli stessi o di opporsi al loro trattamento, la limitazione del trattamento nonch\u00e9 di ottenere in un formato strutturato, di uso comune e leggibile da dispositivo automatico i dati che lo riguardano.<\/p>\n\n<p>Le richieste vanno rivolte via e-mail all\u2019indirizzo: info@aerospacelombardia.it.<\/p>\n\n<p>Ai sensi della Normativa Applicabile, l\u2019utente ha in ogni caso il diritto di proporre reclamo all\u2019autorit\u00e0 di controllo competente (Garante per la Protezione dei Dati Personali) qualora ritenesse che il trattamento dei suoi Dati Personali sia contrario alla normativa vigente.<\/p>\n\n<h2 class=\"wp-block-heading\">8. MODIFICHE<\/h2>\n\n<p>La presente Privacy Policy \u00e8 in vigore dal 25 maggio 2018. Il Lombardia Aerospace Cluster si riserva di modificarne o semplicemente aggiornarne il contenuto, in parte o completamente, anche a causa di variazioni della Normativa Applicabile. Il Lombardia Aerospace Cluster informer\u00e0 l\u2019utente di tali variazioni non appena verranno introdotte; le stesse saranno vincolanti non appena pubblicate sul Sito: il Lombardia Aerospace Cluster invita quindi a visitare con regolarit\u00e0 questa sezione per avere conoscenza della pi\u00f9 recente ed aggiornata versione della Privacy Policy ed in modo che l\u2019utente sia sempre aggiornato sui dati raccolti attraverso il Sito e sull\u2019uso che il Lombardia Aerospace Cluster ne fa.<\/p>\n","protected":false},"excerpt":{"rendered":"<p>Privacy Policy PREMESSA Il Lombardia Aerospace Cluster, con sede legale in Milano, Via Pantano 9, in qualit\u00e0 di titolare del trattamento dei dati personali ai sensi del Regolamento UE 679\/2016 applicabile dal 25 Maggio 2018 \u2013 Regolamento Generale sulla Protezione dei Dati (\u201cRGPD\u201d) e della normativa nazionale applicabile (d\u2019ora in avanti RGPD e normativa nazionale [&hellip;]<\/p>\n","protected":false},"author":1,"featured_media":0,"parent":0,"menu_order":0,"comment_status":"closed","ping_status":"open","template":"","meta":{"footnotes":""},"class_list":["post-4042","page","type-page","status-publish","hentry"],"yoast_head":"<!-- This site is optimized with the Yoast SEO plugin v27.4 - https:\/\/yoast.com\/product\/yoast-seo-wordpress\/ -->\n<title>Privacy Policy - Lombardia Aerospace<\/title>\n<meta name=\"description\" content=\"Privacy policy - Regolamento Generale sulla Protezione dei Dati (\u201cRGPD\u201d) e della normativa nazionale applicabile nel caso di sito web.\" \/>\n<meta name=\"robots\" content=\"index, follow, max-snippet:-1, max-image-preview:large, max-video-preview:-1\" \/>\n<link rel=\"canonical\" href=\"https:\/\/www.aerospacelombardia.it\/en\/privacy-policy\/\" \/>\n<meta property=\"og:locale\" content=\"en_US\" \/>\n<meta property=\"og:type\" content=\"article\" \/>\n<meta property=\"og:title\" content=\"Privacy Policy - Lombardia Aerospace\" \/>\n<meta property=\"og:description\" content=\"Privacy policy - Regolamento Generale sulla Protezione dei Dati (\u201cRGPD\u201d) e della normativa nazionale applicabile nel caso di sito web.\" \/>\n<meta property=\"og:url\" content=\"https:\/\/www.aerospacelombardia.it\/en\/privacy-policy\/\" \/>\n<meta property=\"og:site_name\" content=\"Lombardia Aerospace\" \/>\n<meta property=\"article:modified_time\" content=\"2023-11-02T08:53:39+00:00\" \/>\n<meta name=\"twitter:card\" content=\"summary_large_image\" \/>\n<meta name=\"twitter:site\" content=\"@Aero_Lombardy\" \/>\n<meta name=\"twitter:label1\" content=\"Est. reading time\" \/>\n\t<meta name=\"twitter:data1\" content=\"8 minutes\" \/>\n<script type=\"application\/ld+json\" class=\"yoast-schema-graph\">{\"@context\":\"https:\\\/\\\/schema.org\",\"@graph\":[{\"@type\":\"WebPage\",\"@id\":\"https:\\\/\\\/www.aerospacelombardia.it\\\/en\\\/privacy-policy\\\/\",\"url\":\"https:\\\/\\\/www.aerospacelombardia.it\\\/en\\\/privacy-policy\\\/\",\"name\":\"Privacy Policy - Lombardia Aerospace\",\"isPartOf\":{\"@id\":\"https:\\\/\\\/www.aerospacelombardia.it\\\/#website\"},\"datePublished\":\"2023-07-04T15:09:40+00:00\",\"dateModified\":\"2023-11-02T08:53:39+00:00\",\"description\":\"Privacy policy - Regolamento Generale sulla Protezione dei Dati (\u201cRGPD\u201d) e della normativa nazionale applicabile nel caso di sito web.\",\"breadcrumb\":{\"@id\":\"https:\\\/\\\/www.aerospacelombardia.it\\\/en\\\/privacy-policy\\\/#breadcrumb\"},\"inLanguage\":\"en-US\",\"potentialAction\":[{\"@type\":\"ReadAction\",\"target\":[\"https:\\\/\\\/www.aerospacelombardia.it\\\/en\\\/privacy-policy\\\/\"]}]},{\"@type\":\"BreadcrumbList\",\"@id\":\"https:\\\/\\\/www.aerospacelombardia.it\\\/en\\\/privacy-policy\\\/#breadcrumb\",\"itemListElement\":[{\"@type\":\"ListItem\",\"position\":1,\"name\":\"Home\",\"item\":\"https:\\\/\\\/www.aerospacelombardia.it\\\/en\\\/lombardia-aerospace-cluster-rd-knowledge-execution-and-innovation-the-keys-to-our-success\\\/\"},{\"@type\":\"ListItem\",\"position\":2,\"name\":\"Privacy Policy\"}]},{\"@type\":\"WebSite\",\"@id\":\"https:\\\/\\\/www.aerospacelombardia.it\\\/#website\",\"url\":\"https:\\\/\\\/www.aerospacelombardia.it\\\/\",\"name\":\"Lombardia Aerospace Cluster\",\"description\":\"Competenze e tecnologie avanzate per elicotteri, aerei e satelliti\",\"publisher\":{\"@id\":\"https:\\\/\\\/www.aerospacelombardia.it\\\/#organization\"},\"potentialAction\":[{\"@type\":\"SearchAction\",\"target\":{\"@type\":\"EntryPoint\",\"urlTemplate\":\"https:\\\/\\\/www.aerospacelombardia.it\\\/?s={search_term_string}\"},\"query-input\":{\"@type\":\"PropertyValueSpecification\",\"valueRequired\":true,\"valueName\":\"search_term_string\"}}],\"inLanguage\":\"en-US\"},{\"@type\":\"Organization\",\"@id\":\"https:\\\/\\\/www.aerospacelombardia.it\\\/#organization\",\"name\":\"Lombardia Aerospace Cluster\",\"url\":\"https:\\\/\\\/www.aerospacelombardia.it\\\/\",\"logo\":{\"@type\":\"ImageObject\",\"inLanguage\":\"en-US\",\"@id\":\"https:\\\/\\\/www.aerospacelombardia.it\\\/#\\\/schema\\\/logo\\\/image\\\/\",\"url\":\"http:\\\/\\\/aerospacelombardia.it\\\/wp-content\\\/uploads\\\/immagine-per-sito_logo-cluster.jpg\",\"contentUrl\":\"http:\\\/\\\/aerospacelombardia.it\\\/wp-content\\\/uploads\\\/immagine-per-sito_logo-cluster.jpg\",\"width\":825,\"height\":430,\"caption\":\"Lombardia Aerospace Cluster\"},\"image\":{\"@id\":\"https:\\\/\\\/www.aerospacelombardia.it\\\/#\\\/schema\\\/logo\\\/image\\\/\"},\"sameAs\":[\"https:\\\/\\\/x.com\\\/Aero_Lombardy\",\"https:\\\/\\\/www.linkedin.com\\\/company\\\/lombardia-aerospace-cluster\\\/\"]}]}<\/script>\n<!-- \/ Yoast SEO plugin. -->","yoast_head_json":{"title":"Privacy Policy - Lombardia Aerospace","description":"Privacy policy - Regolamento Generale sulla Protezione dei Dati (\u201cRGPD\u201d) e della normativa nazionale applicabile nel caso di sito web.","robots":{"index":"index","follow":"follow","max-snippet":"max-snippet:-1","max-image-preview":"max-image-preview:large","max-video-preview":"max-video-preview:-1"},"canonical":"https:\/\/www.aerospacelombardia.it\/en\/privacy-policy\/","og_locale":"en_US","og_type":"article","og_title":"Privacy Policy - Lombardia Aerospace","og_description":"Privacy policy - Regolamento Generale sulla Protezione dei Dati (\u201cRGPD\u201d) e della normativa nazionale applicabile nel caso di sito web.","og_url":"https:\/\/www.aerospacelombardia.it\/en\/privacy-policy\/","og_site_name":"Lombardia Aerospace","article_modified_time":"2023-11-02T08:53:39+00:00","twitter_card":"summary_large_image","twitter_site":"@Aero_Lombardy","twitter_misc":{"Est. reading time":"8 minutes"},"schema":{"@context":"https:\/\/schema.org","@graph":[{"@type":"WebPage","@id":"https:\/\/www.aerospacelombardia.it\/en\/privacy-policy\/","url":"https:\/\/www.aerospacelombardia.it\/en\/privacy-policy\/","name":"Privacy Policy - Lombardia Aerospace","isPartOf":{"@id":"https:\/\/www.aerospacelombardia.it\/#website"},"datePublished":"2023-07-04T15:09:40+00:00","dateModified":"2023-11-02T08:53:39+00:00","description":"Privacy policy - Regolamento Generale sulla Protezione dei Dati (\u201cRGPD\u201d) e della normativa nazionale applicabile nel caso di sito web.","breadcrumb":{"@id":"https:\/\/www.aerospacelombardia.it\/en\/privacy-policy\/#breadcrumb"},"inLanguage":"en-US","potentialAction":[{"@type":"ReadAction","target":["https:\/\/www.aerospacelombardia.it\/en\/privacy-policy\/"]}]},{"@type":"BreadcrumbList","@id":"https:\/\/www.aerospacelombardia.it\/en\/privacy-policy\/#breadcrumb","itemListElement":[{"@type":"ListItem","position":1,"name":"Home","item":"https:\/\/www.aerospacelombardia.it\/en\/lombardia-aerospace-cluster-rd-knowledge-execution-and-innovation-the-keys-to-our-success\/"},{"@type":"ListItem","position":2,"name":"Privacy Policy"}]},{"@type":"WebSite","@id":"https:\/\/www.aerospacelombardia.it\/#website","url":"https:\/\/www.aerospacelombardia.it\/","name":"Lombardia Aerospace Cluster","description":"Competenze e tecnologie avanzate per elicotteri, aerei e satelliti","publisher":{"@id":"https:\/\/www.aerospacelombardia.it\/#organization"},"potentialAction":[{"@type":"SearchAction","target":{"@type":"EntryPoint","urlTemplate":"https:\/\/www.aerospacelombardia.it\/?s={search_term_string}"},"query-input":{"@type":"PropertyValueSpecification","valueRequired":true,"valueName":"search_term_string"}}],"inLanguage":"en-US"},{"@type":"Organization","@id":"https:\/\/www.aerospacelombardia.it\/#organization","name":"Lombardia Aerospace Cluster","url":"https:\/\/www.aerospacelombardia.it\/","logo":{"@type":"ImageObject","inLanguage":"en-US","@id":"https:\/\/www.aerospacelombardia.it\/#\/schema\/logo\/image\/","url":"http:\/\/aerospacelombardia.it\/wp-content\/uploads\/immagine-per-sito_logo-cluster.jpg","contentUrl":"http:\/\/aerospacelombardia.it\/wp-content\/uploads\/immagine-per-sito_logo-cluster.jpg","width":825,"height":430,"caption":"Lombardia Aerospace Cluster"},"image":{"@id":"https:\/\/www.aerospacelombardia.it\/#\/schema\/logo\/image\/"},"sameAs":["https:\/\/x.com\/Aero_Lombardy","https:\/\/www.linkedin.com\/company\/lombardia-aerospace-cluster\/"]}]}},"_links":{"self":[{"href":"https:\/\/www.aerospacelombardia.it\/en\/wp-json\/wp\/v2\/pages\/4042","targetHints":{"allow":["GET"]}}],"collection":[{"href":"https:\/\/www.aerospacelombardia.it\/en\/wp-json\/wp\/v2\/pages"}],"about":[{"href":"https:\/\/www.aerospacelombardia.it\/en\/wp-json\/wp\/v2\/types\/page"}],"author":[{"embeddable":true,"href":"https:\/\/www.aerospacelombardia.it\/en\/wp-json\/wp\/v2\/users\/1"}],"replies":[{"embeddable":true,"href":"https:\/\/www.aerospacelombardia.it\/en\/wp-json\/wp\/v2\/comments?post=4042"}],"version-history":[{"count":2,"href":"https:\/\/www.aerospacelombardia.it\/en\/wp-json\/wp\/v2\/pages\/4042\/revisions"}],"predecessor-version":[{"id":4870,"href":"https:\/\/www.aerospacelombardia.it\/en\/wp-json\/wp\/v2\/pages\/4042\/revisions\/4870"}],"wp:attachment":[{"href":"https:\/\/www.aerospacelombardia.it\/en\/wp-json\/wp\/v2\/media?parent=4042"}],"curies":[{"name":"wp","href":"https:\/\/api.w.org\/{rel}","templated":true}]}}